{"id":59,"date":"2018-11-12T16:51:04","date_gmt":"2018-11-12T15:51:04","guid":{"rendered":"http:\/\/ijodir.com\/?page_id=59"},"modified":"2026-03-16T21:51:21","modified_gmt":"2026-03-16T20:51:21","slug":"v7_12018_1","status":"publish","type":"page","link":"https:\/\/ijodir.com\/index.php\/la-revue\/volume-7-n12018\/v7_12018_1\/","title":{"rendered":"V7_1\/2018_1"},"content":{"rendered":"<p><strong>Concepts of LCA-acceleration in sustainable manufacturing<\/strong><\/p>\n<p>Michal KOZDERKA<sup>1<\/sup>, Bertrand ROSE<sup>1<\/sup>, Emmanuel CAILLAUD<sup>1<\/sup><\/p>\n<p><sup>1 <\/sup>Universit\u00e9 de Strasbourg, laboratoire Icube<\/p>\n<p><em>ICube UMR 7357 &#8211; Laboratoire des sciences de l&rsquo;ing\u00e9nieur, de l&rsquo;informatique et de l&rsquo;imagerie <\/em><\/p>\n<p>300 bd S\u00e9bastien Brant &#8211; CS 10413 &#8211; F-67412 Illkirch Cedex<\/p>\n<p><a href=\"mailto:revues@ijodir.fr\">mkozderka@unistra.fr<\/a><\/p>\n<p>&nbsp;<\/p>\n<p>ABSTRACT. Manufacturing industry is more than ever under pressure to decrease its product&rsquo;s environmental impacts and to preserve its economic viability on the saturated European markets. One elegant way to treat the intersection of these two problem is ecodesign, which proved to be economically beneficial and to have positive impacts on the product&rsquo;s design. In this paper, we focus on the key part of ecodesign \u2013 environmental impact analysis, represented by Lifecycle Assessment (LCA). Based on a literature review we identify one of the LCA&rsquo;s most important unresolved issue \u2013 duration and we review three concepts helping to make the study quicker.<\/p>\n<p>These concepts are simplifications, parametric LCA approaches and Product Category Rules (PCR)-based concepts, like the Environmental Product Declarations (EPD). In the paper, we give a lot of space to the parametric LCA approaches, which lack a clear definition in literature and we give a lot of importance to the PCR-based concept, which seems to have a very important and growing impact on sustainable manufacturing.<\/p>\n<p>In conclusion, we propose to integrate some parametric approaches into PCRs, because despite their quick popularity growth across most of the industries, they still have space for improvement. They are an excellent communication tool, but their initial purpose was not the LCA acceleration.<\/p>\n<p>KEYWORDS: Ecodesign, LCA, Manufacturing industry, Parametric LCA, EPD, PCR; Eco-conception, ACV, Production industrielle, ACV param\u00e9trique, DEP<\/p>\n","protected":false},"excerpt":{"rendered":"<p>Concepts of LCA-acceleration in sustainable manufacturing Michal KOZDERKA1, Bertrand ROSE1, Emmanuel CAILLAUD1 1 Universit\u00e9 de Strasbourg, laboratoire Icube ICube UMR 7357 &#8211; Laboratoire des sciences de l&rsquo;ing\u00e9nieur, de l&rsquo;informatique et de l&rsquo;imagerie 300 bd S\u00e9bastien Brant &#8211; CS 10413 &#8211; F-67412 Illkirch Cedex mkozderka@unistra.fr &nbsp; ABSTRACT. Manufacturing industry is more than ever under pressure to &#8230; <a class=\"read-more\" href=\"https:\/\/ijodir.com\/index.php\/la-revue\/volume-7-n12018\/v7_12018_1\/\">Lire la suite<\/a><\/p>\n","protected":false},"author":1,"featured_media":0,"parent":54,"menu_order":0,"comment_status":"closed","ping_status":"closed","template":"","meta":[],"_links":{"self":[{"href":"https:\/\/ijodir.com\/index.php\/wp-json\/wp\/v2\/pages\/59"}],"collection":[{"href":"https:\/\/ijodir.com\/index.php\/wp-json\/wp\/v2\/pages"}],"about":[{"href":"https:\/\/ijodir.com\/index.php\/wp-json\/wp\/v2\/types\/page"}],"author":[{"embeddable":true,"href":"https:\/\/ijodir.com\/index.php\/wp-json\/wp\/v2\/users\/1"}],"replies":[{"embeddable":true,"href":"https:\/\/ijodir.com\/index.php\/wp-json\/wp\/v2\/comments?post=59"}],"version-history":[{"count":1,"href":"https:\/\/ijodir.com\/index.php\/wp-json\/wp\/v2\/pages\/59\/revisions"}],"predecessor-version":[{"id":60,"href":"https:\/\/ijodir.com\/index.php\/wp-json\/wp\/v2\/pages\/59\/revisions\/60"}],"up":[{"embeddable":true,"href":"https:\/\/ijodir.com\/index.php\/wp-json\/wp\/v2\/pages\/54"}],"wp:attachment":[{"href":"https:\/\/ijodir.com\/index.php\/wp-json\/wp\/v2\/media?parent=59"}],"curies":[{"name":"wp","href":"https:\/\/api.w.org\/{rel}","templated":true}]}}