{"id":347,"date":"2026-03-16T21:36:17","date_gmt":"2026-03-16T20:36:17","guid":{"rendered":"https:\/\/ijodir.com\/?page_id=347"},"modified":"2026-04-13T16:49:02","modified_gmt":"2026-04-13T15:49:02","slug":"v8_4-2026_1","status":"publish","type":"page","link":"https:\/\/ijodir.com\/index.php\/la-revue\/volume-8-n4-2026\/v8_4-2026_1\/","title":{"rendered":"V8_4\/2026_1"},"content":{"rendered":"\n<p><strong>Ergodesign, l\u2019int\u00e9gration de l\u2019ergonomie dans le processus de conception : application \u00e0 un cas d\u2019\u00e9tude industriel<\/strong><\/p>\n\n\n\n<p><strong>L\u00e9o Sahnouni<sup>1 2<\/sup>, Jean-Bernard Bluntzer<sup>2<\/sup>, Morad Mahdjoub<sup>2<\/sup>, Egon Ostrosi<sup>2<\/sup><\/strong><\/p>\n\n\n\n<p><strong>Lohr Industrie,<\/strong><\/p>\n\n\n\n<p>67120 Duppigheim, France<\/p>\n\n\n\n<p><strong><sup>2<\/sup><\/strong><strong>Universit\u00e9 Marie et Louis Pasteur \u2013 UTBM, Laboratoire ELLIADD, Pole ERCOS,<\/strong><\/p>\n\n\n\n<p>90010 Belfort Cedex, France<\/p>\n\n\n\n<p>RESUME&nbsp;: Dans les contextes industriels, notamment dans le secteur automobile, l\u2019ad\u00e9quation entre les capacit\u00e9s humaines et les exigences des syst\u00e8mes constitue un enjeu central pour pr\u00e9server la sant\u00e9 des op\u00e9rateurs tout en favorisant leur efficacit\u00e9. L\u2019ergonomie offre des connaissances essentielles sur l\u2019interaction entre l\u2019humain et les syst\u00e8mes ; n\u00e9anmoins, son int\u00e9gration au sein des processus de conception demeure fr\u00e9quemment partielle et r\u00e9active. Cet article propose l\u2019ergodesign comme cadre th\u00e9orique innovant, visant \u00e0 r\u00e9duire l\u2019\u00e9cart entre ergonomie et conception en traduisant de mani\u00e8re syst\u00e9matique les apports ergonomiques en principes op\u00e9rationnels applicables \u00e0 la conception.<\/p>\n\n\n\n<p>Ce mod\u00e8le s\u2019articule autour de trois dimensions interd\u00e9pendantes : l\u2019ergonomie, l\u2019ergodesign et la conception. \u00c0 partir d\u2019une \u00e9tude de cas men\u00e9e au sein de Lohr Industrie, il est montr\u00e9 que l\u2019analyse ergonomique peut orienter la conception en contribuant \u00e0 limiter les risques de troubles musculosquelettiques. Les r\u00e9sultats mettent en \u00e9vidence l\u2019importance de principes ergonomiques tels que l\u2019ajustement de la hauteur de travail ou l\u2019am\u00e9lioration de l\u2019accessibilit\u00e9, afin de concevoir des solutions \u00e0 la fois plus s\u00fbres et plus performantes.<\/p>\n\n\n\n<p>En ce sens, le mod\u00e8le d\u2019ergodesign propose une approche structur\u00e9e, innovante et transdisciplinaire de la conception centr\u00e9e sur l\u2019humain. Il constitue \u00e9galement un fondement pertinent pour de futures recherches visant \u00e0 examiner ses effets sur la sant\u00e9 des travailleurs \u00e0 long terme, ainsi que sur leur productivit\u00e9.<\/p>\n\n\n\n<p>MOTS CLES : Ergonomie, processus de conception, conception transdisciplinaire, gestion de la connaissance<\/p>\n","protected":false},"excerpt":{"rendered":"<p>Ergodesign, l\u2019int\u00e9gration de l\u2019ergonomie dans le processus de conception : application \u00e0 un cas d\u2019\u00e9tude industriel L\u00e9o Sahnouni1 2, Jean-Bernard Bluntzer2, Morad Mahdjoub2, Egon Ostrosi2 Lohr Industrie, 67120 Duppigheim, France 2Universit\u00e9 Marie et Louis Pasteur \u2013 UTBM, Laboratoire ELLIADD, Pole ERCOS, 90010 Belfort Cedex, France RESUME&nbsp;: Dans les contextes industriels, notamment dans le secteur automobile, &#8230; <a class=\"read-more\" href=\"https:\/\/ijodir.com\/index.php\/la-revue\/volume-8-n4-2026\/v8_4-2026_1\/\">Lire la suite<\/a><\/p>\n","protected":false},"author":1,"featured_media":0,"parent":344,"menu_order":1,"comment_status":"closed","ping_status":"closed","template":"","meta":[],"_links":{"self":[{"href":"https:\/\/ijodir.com\/index.php\/wp-json\/wp\/v2\/pages\/347"}],"collection":[{"href":"https:\/\/ijodir.com\/index.php\/wp-json\/wp\/v2\/pages"}],"about":[{"href":"https:\/\/ijodir.com\/index.php\/wp-json\/wp\/v2\/types\/page"}],"author":[{"embeddable":true,"href":"https:\/\/ijodir.com\/index.php\/wp-json\/wp\/v2\/users\/1"}],"replies":[{"embeddable":true,"href":"https:\/\/ijodir.com\/index.php\/wp-json\/wp\/v2\/comments?post=347"}],"version-history":[{"count":3,"href":"https:\/\/ijodir.com\/index.php\/wp-json\/wp\/v2\/pages\/347\/revisions"}],"predecessor-version":[{"id":362,"href":"https:\/\/ijodir.com\/index.php\/wp-json\/wp\/v2\/pages\/347\/revisions\/362"}],"up":[{"embeddable":true,"href":"https:\/\/ijodir.com\/index.php\/wp-json\/wp\/v2\/pages\/344"}],"wp:attachment":[{"href":"https:\/\/ijodir.com\/index.php\/wp-json\/wp\/v2\/media?parent=347"}],"curies":[{"name":"wp","href":"https:\/\/api.w.org\/{rel}","templated":true}]}}