{"id":295,"date":"2025-06-17T14:41:17","date_gmt":"2025-06-17T13:41:17","guid":{"rendered":"http:\/\/ijodir.com\/?page_id=295"},"modified":"2025-06-17T14:47:37","modified_gmt":"2025-06-17T13:47:37","slug":"v8_32025_5","status":"publish","type":"page","link":"https:\/\/ijodir.com\/index.php\/la-revue\/volume-8-n32025\/v8_32025_5\/","title":{"rendered":"V8_3\/2025_5"},"content":{"rendered":"<p><strong>Digital transformation challenges in service-oriented SMEs<\/strong><\/p>\n<p>Salma Zouaoui<sup>1<\/sup>, Ioana Filipas<sup>2<\/sup>, Punita Raj<sup>1<\/sup>, Fran\u00e7ois Marmier<sup>1<\/sup>, Bertrand Rose<sup>1<\/sup><\/p>\n<p><sup>1 <\/sup>Laboratoire ICube \u2013 \u00e9quipe CSIP, 24 Bd de la Victoire 67000 Strasbourg<\/p>\n<p><sup>2 <\/sup>Facult\u00e9 des sciences \u00e9conomiques et de gestion BETA (Bureau d&rsquo;\u00c9conomie Th\u00e9orique et Appliqu\u00e9e) 61 Av. de la For\u00eat-Noire 67000 Strasbourg<\/p>\n<p>ABSTRACT. This research examines the challenges that hinder Digital Transformation (DT) in small and medium-sized service enterprises (SMEs) in France. The primary objective is to categorize these obstacles to facilitate the development of tailored DT strategies that align with their specific needs. The study investigates 24 companies and identifies eight key categories of barriers: business, technological, organizational, human, strategic, operational, corporate social responsibility (CSR), and security. The findings indicate that business, technological, and organizational barriers are the most significant, which is consistent with existing research in the field. The study highlights some limitations regarding the data source and the number of companies selected.<\/p>\n<p>KEYWORDS: barrier, challenge, digital transformation, service, SME<\/p>\n","protected":false},"excerpt":{"rendered":"<p>Digital transformation challenges in service-oriented SMEs Salma Zouaoui1, Ioana Filipas2, Punita Raj1, Fran\u00e7ois Marmier1, Bertrand Rose1 1 Laboratoire ICube \u2013 \u00e9quipe CSIP, 24 Bd de la Victoire 67000 Strasbourg 2 Facult\u00e9 des sciences \u00e9conomiques et de gestion BETA (Bureau d&rsquo;\u00c9conomie Th\u00e9orique et Appliqu\u00e9e) 61 Av. de la For\u00eat-Noire 67000 Strasbourg ABSTRACT. This research examines the &#8230; <a class=\"read-more\" href=\"https:\/\/ijodir.com\/index.php\/la-revue\/volume-8-n32025\/v8_32025_5\/\">Lire la suite<\/a><\/p>\n","protected":false},"author":1,"featured_media":0,"parent":281,"menu_order":0,"comment_status":"closed","ping_status":"closed","template":"","meta":[],"_links":{"self":[{"href":"https:\/\/ijodir.com\/index.php\/wp-json\/wp\/v2\/pages\/295"}],"collection":[{"href":"https:\/\/ijodir.com\/index.php\/wp-json\/wp\/v2\/pages"}],"about":[{"href":"https:\/\/ijodir.com\/index.php\/wp-json\/wp\/v2\/types\/page"}],"author":[{"embeddable":true,"href":"https:\/\/ijodir.com\/index.php\/wp-json\/wp\/v2\/users\/1"}],"replies":[{"embeddable":true,"href":"https:\/\/ijodir.com\/index.php\/wp-json\/wp\/v2\/comments?post=295"}],"version-history":[{"count":2,"href":"https:\/\/ijodir.com\/index.php\/wp-json\/wp\/v2\/pages\/295\/revisions"}],"predecessor-version":[{"id":304,"href":"https:\/\/ijodir.com\/index.php\/wp-json\/wp\/v2\/pages\/295\/revisions\/304"}],"up":[{"embeddable":true,"href":"https:\/\/ijodir.com\/index.php\/wp-json\/wp\/v2\/pages\/281"}],"wp:attachment":[{"href":"https:\/\/ijodir.com\/index.php\/wp-json\/wp\/v2\/media?parent=295"}],"curies":[{"name":"wp","href":"https:\/\/api.w.org\/{rel}","templated":true}]}}