{"id":291,"date":"2025-06-17T14:40:43","date_gmt":"2025-06-17T13:40:43","guid":{"rendered":"http:\/\/ijodir.com\/?page_id=291"},"modified":"2025-09-01T14:13:53","modified_gmt":"2025-09-01T13:13:53","slug":"v8_32025_3","status":"publish","type":"page","link":"https:\/\/ijodir.com\/index.php\/la-revue\/volume-8-n32025\/v8_32025_3\/","title":{"rendered":"V8_3\/2025_3"},"content":{"rendered":"<p><strong>Conception biomim\u00e9tique : \u00e9tude pr\u00e9liminaire des freins \u00e0 l\u2019usage des moyens m\u00e9thodologiques<\/strong><\/p>\n<p>SAURY Alix<sup>1 2 3<\/sup>, FAYEMI Pierre-Emmanuel<sup>2<\/sup>, MARANZANA Nicolas<sup>1<\/sup><\/p>\n<p><sup>1<\/sup> Arts et M\u00e9tiers Institute of Technology LCPI, HESAM Universit\u00e9, F-75013 Paris, France<\/p>\n<p><sup>2<\/sup> IkosLab, 155 Rue Anatole France, 92300, Levallois-Perret, France<\/p>\n<p><sup>3<\/sup> Ecole de Biologie Industrielle EBI \u2013 49 Avenue des Genottes, 95800 Cergy, France<\/p>\n<p>RESUME\u00a0: La biomim\u00e9tique est une d\u00e9marche de conception s\u2019inspirant des solutions adopt\u00e9es par le vivant pour r\u00e9soudre un probl\u00e8me technique. De nombreux moyens m\u00e9thodologiques ont \u00e9t\u00e9 d\u00e9velopp\u00e9s pour paver la d\u00e9marche, mais peu d\u2019innovations biomim\u00e9tiques existent.<\/p>\n<p>Cette \u00e9tude pr\u00e9liminaire met en lumi\u00e8re des freins \u00e0 sa d\u00e9mocratisation, li\u00e9s \u00e0 l\u2019emploi et l\u2019utilisabilit\u00e9 des moyens m\u00e9thodologiques existants. A travers un questionnaire quantitatif et des entretiens qualitatifs, la perception et l\u2019exploitation de la recherche par les m\u00e9tiers de la conception, la diff\u00e9rence entre conditions biologiques et conditions techniques de fonctionnement, et la question de la disposition de la soci\u00e9t\u00e9 \u00e0 changer ses habitudes pour int\u00e9grer une innovation biomim\u00e9tique, ont notamment \u00e9t\u00e9 identifi\u00e9s comme potentiels freins d\u2019usage. Une \u00e9tude \u00e0 plus grande \u00e9chelle est \u00e0 suivre pour confirmer ces premi\u00e8res hypoth\u00e8ses.<\/p>\n<p>MOTS CLES : conception, biomim\u00e9tique, freins, solution, usage, recherche.<\/p>\n","protected":false},"excerpt":{"rendered":"<p>Conception biomim\u00e9tique : \u00e9tude pr\u00e9liminaire des freins \u00e0 l\u2019usage des moyens m\u00e9thodologiques SAURY Alix1 2 3, FAYEMI Pierre-Emmanuel2, MARANZANA Nicolas1 1 Arts et M\u00e9tiers Institute of Technology LCPI, HESAM Universit\u00e9, F-75013 Paris, France 2 IkosLab, 155 Rue Anatole France, 92300, Levallois-Perret, France 3 Ecole de Biologie Industrielle EBI \u2013 49 Avenue des Genottes, 95800 Cergy, &#8230; <a class=\"read-more\" href=\"https:\/\/ijodir.com\/index.php\/la-revue\/volume-8-n32025\/v8_32025_3\/\">Lire la suite<\/a><\/p>\n","protected":false},"author":1,"featured_media":0,"parent":281,"menu_order":0,"comment_status":"closed","ping_status":"closed","template":"","meta":[],"_links":{"self":[{"href":"https:\/\/ijodir.com\/index.php\/wp-json\/wp\/v2\/pages\/291"}],"collection":[{"href":"https:\/\/ijodir.com\/index.php\/wp-json\/wp\/v2\/pages"}],"about":[{"href":"https:\/\/ijodir.com\/index.php\/wp-json\/wp\/v2\/types\/page"}],"author":[{"embeddable":true,"href":"https:\/\/ijodir.com\/index.php\/wp-json\/wp\/v2\/users\/1"}],"replies":[{"embeddable":true,"href":"https:\/\/ijodir.com\/index.php\/wp-json\/wp\/v2\/comments?post=291"}],"version-history":[{"count":3,"href":"https:\/\/ijodir.com\/index.php\/wp-json\/wp\/v2\/pages\/291\/revisions"}],"predecessor-version":[{"id":308,"href":"https:\/\/ijodir.com\/index.php\/wp-json\/wp\/v2\/pages\/291\/revisions\/308"}],"up":[{"embeddable":true,"href":"https:\/\/ijodir.com\/index.php\/wp-json\/wp\/v2\/pages\/281"}],"wp:attachment":[{"href":"https:\/\/ijodir.com\/index.php\/wp-json\/wp\/v2\/media?parent=291"}],"curies":[{"name":"wp","href":"https:\/\/api.w.org\/{rel}","templated":true}]}}