{"id":281,"date":"2025-06-17T14:33:09","date_gmt":"2025-06-17T13:33:09","guid":{"rendered":"http:\/\/ijodir.com\/?page_id=281"},"modified":"2025-09-01T14:12:26","modified_gmt":"2025-09-01T13:12:26","slug":"volume-8-n32025","status":"publish","type":"page","link":"https:\/\/ijodir.com\/index.php\/la-revue\/volume-8-n32025\/","title":{"rendered":"Volume 8 N\u00b03\/2025"},"content":{"rendered":"<p><a href=\"http:\/\/ijodir.com\/index.php\/la-revue\/volume-8-n32025\/v8_32025_1\/\"><strong>09\u00a0\u00a0\u00a0\u00a0\u00a0\u00a0\u00a0 Identification des tendances dans l\u2019industrie ferroviaire \u00e0 l\u2019aide de techniques d\u2019apprentissage automatique non supervise<\/strong><\/a><\/p>\n<p>M\u00e9lusine Caillard<sup>1<\/sup>, Pierre-Emmanuel Fayemi<sup>1<\/sup><\/p>\n<p><sup>1<\/sup> Ikos Lab 155 Rue Anatole France 92300 Levallois-Perret<\/p>\n<p><a href=\"http:\/\/ijodir.com\/index.php\/la-revue\/volume-8-n32025\/v8_32025_2\/\"><strong>27\u00a0\u00a0\u00a0\u00a0\u00a0\u00a0\u00a0 In silico and experimental analysis of the interaction between a biomimetic motif of fibronectin and type I collagen: Study of a fibronectin chimera<\/strong><\/a><\/p>\n<p>Lucy Charbit<sup>1 <\/sup>Camille Faur\u00e9<sup>1<\/sup>. Ma\u00ebla Gars<sup>1<\/sup> Emma Lemeunier<sup>1<\/sup> Emma Richard<sup>1<\/sup> Amina Ben Abla<sup>1<\/sup>. Jad Eid<sup>1<\/sup>.<\/p>\n<p><sup>1<\/sup>Ecole de Biologie Industrielle. EBInnov. 49 avenue des Genottes. 95895 Cergy-Pontoise. France<\/p>\n<p><a href=\"http:\/\/ijodir.com\/index.php\/la-revue\/volume-8-n32025\/v8_32025_3\/\"><strong>48\u00a0\u00a0\u00a0\u00a0\u00a0\u00a0\u00a0 Conception biomim\u00e9tique : \u00e9tude pr\u00e9liminaire des freins \u00e0 l\u2019usage des moyens m\u00e9thodologiques<\/strong><\/a><\/p>\n<p>SAURY Alix<sup>1 2 3<\/sup>, FAYEMI Pierre-Emmanuel<sup>2<\/sup>, MARANZANA Nicolas<sup>1<\/sup><\/p>\n<p><sup>1<\/sup> Arts et M\u00e9tiers Institute of Technology LCPI, HESAM Universit\u00e9, F-75013 Paris, France<\/p>\n<p><sup>2<\/sup> IkosLab, 155 Rue Anatole France, 92300, Levallois-Perret, France<\/p>\n<p><sup>3<\/sup> Ecole de Biologie Industrielle EBI \u2013 49 Avenue des Genottes, 95800 Cergy, France<\/p>\n<p><a href=\"http:\/\/ijodir.com\/index.php\/la-revue\/volume-8-n32025\/v8_32025_4\/\"><strong>68\u00a0\u00a0\u00a0\u00a0\u00a0\u00a0\u00a0 Assessing the impact of cross system design rationale on collaborative design<\/strong><\/a><\/p>\n<p>Axel Dupr\u00e9<sup>1, 2<\/sup>, Antoine Mallet<sup>3<\/sup>, Benjamin De Guilhem<sup>3<\/sup>, Philippe Ve\u0301e\u0301ron<sup>4<\/sup>, Valeria Croce<sup>4<\/sup>, Fre\u0301de\u0301ric Segonds<sup>1<\/sup><\/p>\n<p><sup>1<\/sup> Laboratoire de Conception de Produits et Innovation LCPI \u2013 Arts et Me\u0301e\u0301tiers \u2013 Institute of Technology \u2013 Hesam University \u2013 151 Boulevard de l\u2019Ho\u0302o\u0302pital, 75013 Paris, France<\/p>\n<p><sup>2<\/sup> Capgemini Engineering Research &amp; Development \u2013 F-31100, Toulouse, France<\/p>\n<p><sup>3 <\/sup>Capgemini Engineering Research &amp; Development \u2013 F-92130, Issy-les-Moulineaux, France<\/p>\n<p><sup>4<\/sup> Laboratoire d\u2019Inge\u0301e\u0301nierie des Syste\u0300e\u0300mes Physiques et Nume\u0301e\u0301riques LISPEN \u2013 Arts et Me\u0301e\u0301tiers d\u2019Aix en Provence \u2013 2, cours des Arts et Me\u0301e\u0301tiers 13617 Aix-en-Provence, France<\/p>\n<p><a href=\"http:\/\/ijodir.com\/index.php\/la-revue\/volume-8-n32025\/v8_32025_5\/\"><strong>84\u00a0\u00a0\u00a0\u00a0\u00a0\u00a0\u00a0\u00a0\u00a0\u00a0 Digital transformation challenges in service-oriented SMEs<\/strong><\/a><\/p>\n<p>Salma Zouaoui<sup>1<\/sup>, Ioana Filipas<sup>2<\/sup>, Punita Raj<sup>1<\/sup>, Fran\u00e7ois Marmier<sup>1<\/sup>, Bertrand Rose<sup>1<\/sup><\/p>\n<p><sup>1<\/sup> Laboratoire ICube \u2013 \u00e9quipe CSIP, 24 Bd de la Victoire 67000 Strasbourg<\/p>\n<p><sup>2<\/sup> Facult\u00e9 des sciences \u00e9conomiques et de gestion BETA (Bureau d&rsquo;\u00c9conomie Th\u00e9orique et Appliqu\u00e9e) 61 Av. de la For\u00eat-Noire 67000 Strasbourg<\/p>\n<p><a href=\"http:\/\/ijodir.com\/index.php\/la-revue\/volume-8-n32025\/v8_32025_6\/\"><strong>91\u00a0\u00a0\u00a0\u00a0\u00a0\u00a0\u00a0\u00a0\u00a0\u00a0 Monitoring circular economy in the building sector: prospective work on btpflux and its extended functionalities<\/strong><\/a><\/p>\n<p>Thibault Ronzaud<sup>1,2<\/sup>, Ghada Bouillass<sup>1<\/sup>, Edouard Sorin<sup>2<\/sup>, Bernard Yannou<sup>1<\/sup><\/p>\n<p><sup>1<\/sup>Laboratoire de G\u00e9nie Industriel, CentraleSup\u00e9lec, Gif-sur-Yvette<\/p>\n<p><sup>2<\/sup>Scientific and Technical Centre for Buildings (CSTB), University Paris-Est, 77477 Marne-la-Vall\u00e9e, France<\/p>\n","protected":false},"excerpt":{"rendered":"<p>09\u00a0\u00a0\u00a0\u00a0\u00a0\u00a0\u00a0 Identification des tendances dans l\u2019industrie ferroviaire \u00e0 l\u2019aide de techniques d\u2019apprentissage automatique non supervise M\u00e9lusine Caillard1, Pierre-Emmanuel Fayemi1 1 Ikos Lab 155 Rue Anatole France 92300 Levallois-Perret 27\u00a0\u00a0\u00a0\u00a0\u00a0\u00a0\u00a0 In silico and experimental analysis of the interaction between a biomimetic motif of fibronectin and type I collagen: Study of a fibronectin chimera Lucy Charbit1 Camille &#8230; <a class=\"read-more\" href=\"https:\/\/ijodir.com\/index.php\/la-revue\/volume-8-n32025\/\">Lire la suite<\/a><\/p>\n","protected":false},"author":1,"featured_media":0,"parent":11,"menu_order":0,"comment_status":"closed","ping_status":"closed","template":"","meta":[],"_links":{"self":[{"href":"https:\/\/ijodir.com\/index.php\/wp-json\/wp\/v2\/pages\/281"}],"collection":[{"href":"https:\/\/ijodir.com\/index.php\/wp-json\/wp\/v2\/pages"}],"about":[{"href":"https:\/\/ijodir.com\/index.php\/wp-json\/wp\/v2\/types\/page"}],"author":[{"embeddable":true,"href":"https:\/\/ijodir.com\/index.php\/wp-json\/wp\/v2\/users\/1"}],"replies":[{"embeddable":true,"href":"https:\/\/ijodir.com\/index.php\/wp-json\/wp\/v2\/comments?post=281"}],"version-history":[{"count":5,"href":"https:\/\/ijodir.com\/index.php\/wp-json\/wp\/v2\/pages\/281\/revisions"}],"predecessor-version":[{"id":307,"href":"https:\/\/ijodir.com\/index.php\/wp-json\/wp\/v2\/pages\/281\/revisions\/307"}],"up":[{"embeddable":true,"href":"https:\/\/ijodir.com\/index.php\/wp-json\/wp\/v2\/pages\/11"}],"wp:attachment":[{"href":"https:\/\/ijodir.com\/index.php\/wp-json\/wp\/v2\/media?parent=281"}],"curies":[{"name":"wp","href":"https:\/\/api.w.org\/{rel}","templated":true}]}}