{"id":243,"date":"2024-07-26T09:58:31","date_gmt":"2024-07-26T08:58:31","guid":{"rendered":"http:\/\/ijodir.com\/?page_id=243"},"modified":"2024-07-26T17:32:44","modified_gmt":"2024-07-26T16:32:44","slug":"v7_22019_6","status":"publish","type":"page","link":"https:\/\/ijodir.com\/index.php\/la-revue\/volume-7-n22019\/v7_22019_6\/","title":{"rendered":"V7_2\/2019_6"},"content":{"rendered":"<p><strong>A digital methodology to serve les Restos du C\u0153ur<\/strong><\/p>\n<p>Fanny MONNIER<sup>1,2 <\/sup>, Cyril DIOMAND\u00c9<sup>2<\/sup>, Mathilde MIESKE<sup>2<\/sup>, Jean-Claude SAGOT<sup>1<\/sup><\/p>\n<p><sup>1 <\/sup>Laboratory ELLIADD (E.A.4661) \u2013 Centre of research ERgonomie et COnception des Syst\u00e8mes (ERCOS)<br \/>\n<strong>UTBM<\/strong><br \/>\nCours Louis Leprince-Ringuet<br \/>\n25200 Montb\u00e9liard<br \/>\n<a href=\"http:\/\/ercos.utbm.fr\/\">http:\/\/ercos.utbm.fr\/<\/a><\/p>\n<p>&nbsp;<\/p>\n<p><strong><sup>2 <\/sup><\/strong><strong>UTBM \u2013 Universit\u00e9 de Technologie de Belfort-Montb\u00e9liard<br \/>\n<\/strong>Cours Louis Leprince-Ringuet<br \/>\n25200 Montb\u00e9liard<br \/>\n<a href=\"https:\/\/www.utbm.fr\/\">https:\/\/www.utbm.fr\/<\/a><\/p>\n<p><a href=\"mailto:fanny.monnier@utbm.fr\">fanny.monnier@utbm.fr<br \/>\n<\/a><a href=\"mailto:cyril.diomande@utbm.fr\">cyril.diomande@utbm.fr<br \/>\n<\/a><a href=\"mailto:mathilde.mieske@utbm.fr\">mathilde.mieske@utbm.fr<\/a><br \/>\n<a href=\"mailto:jean-claude.sagot@utbm.fr\">jean-claude.sagot@utbm.fr<\/a><\/p>\n<p><u>\u00a0<\/u><\/p>\n<p><strong>ABSTRACT<\/strong><strong>. <\/strong>The objective of this project was to evaluate and re-design ergonomically the sorting area of the centre of les Restos du Coeur of Montb\u00e9liard. The volunteers working there were meeting several risk for their health, linked both to their work activity and to the workstations\u2019 design. Our team applied a methodology dedicated to design of workstation focused on the main user, gathering several engineering trades (design, ergonomics, CAD modelling\u2026). The solutions were made collaborating with the volunteers, and presented though a virtual reality model of the sorting area.<\/p>\n<p><strong>RESUM\u00c9<\/strong>. L&rsquo;objectif de ce projet \u00e9tait d&rsquo;\u00e9valuer et de redessiner ergonomiquement la zone de tri du centre des Restos du Coeur de Montb\u00e9liard. Les volontaires qui y travaillent sont confront\u00e9s \u00e0 plusieurs risques pour leur sant\u00e9, li\u00e9s \u00e0 la fois \u00e0 leur activit\u00e9 de travail et \u00e0 la conception et l\u2019organisation des postes de travail. Notre \u00e9quipe a appliqu\u00e9 une m\u00e9thodologie d\u00e9di\u00e9e \u00e0 la conception de poste de travail centr\u00e9e sur l&rsquo;utilisateur principal, regroupant plusieurs m\u00e9tiers de l&rsquo;ing\u00e9nierie (design, ergonomie, mod\u00e9lisation CAO&#8230;). Les solutions ont \u00e9t\u00e9 r\u00e9alis\u00e9es en collaboration avec les volontaires, et pr\u00e9sent\u00e9es \u00e0 travers un mod\u00e8le de r\u00e9alit\u00e9 virtuelle de la zone de tri.<\/p>\n<p><strong>KEYWORDS<\/strong>. Design, Ergonomics, Workstation, Virtual reality, Charity<\/p>\n<p><strong>MOTS-CL\u00c9S<\/strong>. Conception, Ergonomie, Poste de travail, R\u00e9alit\u00e9 virtuelle, Caritatif<\/p>\n","protected":false},"excerpt":{"rendered":"<p>A digital methodology to serve les Restos du C\u0153ur Fanny MONNIER1,2 , Cyril DIOMAND\u00c92, Mathilde MIESKE2, Jean-Claude SAGOT1 1 Laboratory ELLIADD (E.A.4661) \u2013 Centre of research ERgonomie et COnception des Syst\u00e8mes (ERCOS) UTBM Cours Louis Leprince-Ringuet 25200 Montb\u00e9liard http:\/\/ercos.utbm.fr\/ &nbsp; 2 UTBM \u2013 Universit\u00e9 de Technologie de Belfort-Montb\u00e9liard Cours Louis Leprince-Ringuet 25200 Montb\u00e9liard https:\/\/www.utbm.fr\/ fanny.monnier@utbm.fr &#8230; <a class=\"read-more\" href=\"https:\/\/ijodir.com\/index.php\/la-revue\/volume-7-n22019\/v7_22019_6\/\">Lire la suite<\/a><\/p>\n","protected":false},"author":1,"featured_media":0,"parent":225,"menu_order":0,"comment_status":"closed","ping_status":"closed","template":"","meta":[],"_links":{"self":[{"href":"https:\/\/ijodir.com\/index.php\/wp-json\/wp\/v2\/pages\/243"}],"collection":[{"href":"https:\/\/ijodir.com\/index.php\/wp-json\/wp\/v2\/pages"}],"about":[{"href":"https:\/\/ijodir.com\/index.php\/wp-json\/wp\/v2\/types\/page"}],"author":[{"embeddable":true,"href":"https:\/\/ijodir.com\/index.php\/wp-json\/wp\/v2\/users\/1"}],"replies":[{"embeddable":true,"href":"https:\/\/ijodir.com\/index.php\/wp-json\/wp\/v2\/comments?post=243"}],"version-history":[{"count":3,"href":"https:\/\/ijodir.com\/index.php\/wp-json\/wp\/v2\/pages\/243\/revisions"}],"predecessor-version":[{"id":256,"href":"https:\/\/ijodir.com\/index.php\/wp-json\/wp\/v2\/pages\/243\/revisions\/256"}],"up":[{"embeddable":true,"href":"https:\/\/ijodir.com\/index.php\/wp-json\/wp\/v2\/pages\/225"}],"wp:attachment":[{"href":"https:\/\/ijodir.com\/index.php\/wp-json\/wp\/v2\/media?parent=243"}],"curies":[{"name":"wp","href":"https:\/\/api.w.org\/{rel}","templated":true}]}}