{"id":225,"date":"2024-07-26T09:49:48","date_gmt":"2024-07-26T08:49:48","guid":{"rendered":"http:\/\/ijodir.com\/?page_id=225"},"modified":"2024-07-26T17:37:44","modified_gmt":"2024-07-26T16:37:44","slug":"volume-7-n22019","status":"publish","type":"page","link":"https:\/\/ijodir.com\/index.php\/la-revue\/volume-7-n22019\/","title":{"rendered":"Volume 7 N\u00b02\/2019"},"content":{"rendered":"<p><strong><a href=\"http:\/\/ijodir.com\/index.php\/la-revue\/volume-7-n22019\/v7_22019_1\/\">A design method to integrate stimuli-responsive materials<\/a><\/strong><\/p>\n<p>Marie Darrouzet, Am\u00e9ziane Aoussat<br \/>\nArts et Metiers ParisTech, LCPI (France)<\/p>\n<p><a href=\"http:\/\/ijodir.com\/index.php\/la-revue\/volume-7-n22019\/v7_22019_2\/\"><strong>Text input tools\u2019 complementarity in immersive virtual environments <\/strong><\/a><\/p>\n<p>Aur\u00e9lien Agn\u00e8s, Sylvain Fleury, Aristide Auzerais, Isaline Bisson, Eva Dulau, St\u00e9phanie Buisine, Simon Richir<br \/>\nInstitut Laval Arts et M\u00e9tiers-Laval Virtual Center<br \/>\nCESI LINEACT<\/p>\n<p><a href=\"http:\/\/ijodir.com\/index.php\/la-revue\/volume-7-n22019\/v7_22019_3\/\"><strong>A new method and tool to enhance business model design in the e-health sector<\/strong><\/a><\/p>\n<p>Jules Froehlich, Camille Jean, Angela Martin, Gabri\u00e8le Breda<br \/>\nArts et M\u00e9tiers ParisTech \u2013 LCPI<br \/>\nAltran Research Department,<\/p>\n<p><strong>\u00a0<\/strong><a href=\"http:\/\/ijodir.com\/index.php\/la-revue\/volume-7-n22019\/v7_22019_4\/\"><strong>The frugal design of an autonomous urban village: example of a stadium reconversion in Africa.<\/strong><\/a><\/p>\n<p>Catherine BOUILLON, Karim BEDDIAR, Yves JABOIN<br \/>\nGroupe ESSOR<\/p>\n<p><a href=\"http:\/\/ijodir.com\/index.php\/la-revue\/volume-7-n22019\/v7_22019_5\/\"><strong>Implementation of a user centred method to design a new product<\/strong><\/a><\/p>\n<p>DURAND1, A. AOUSSAT<br \/>\nLaboratoire de Conception de Produits et Innovation<\/p>\n<p><a href=\"http:\/\/ijodir.com\/index.php\/la-revue\/volume-7-n22019\/v7_22019_6\/\"><strong>\u00a0A digital methodology to serve les Restos du C\u0153ur <\/strong><\/a><\/p>\n<p>Fanny MONNIER, Cyril DIOMAND\u00c9, Mathilde MIESKE, Jean-Claude SAGOT<br \/>\nLaboratory ELLIADD (E.A.4661) \u2013 Centre of research ERgonomie et COnception des Syst\u00e8mes (ERCOS)<br \/>\nUTBM \u2013 Universit\u00e9 de Technologie de Belfort-Montb\u00e9liard<\/p>\n<p><a href=\"http:\/\/ijodir.com\/index.php\/la-revue\/volume-7-n22019\/v7_22019_7\/\"><strong>Adsorption study of methicillin onto innovative synthetized organosilicate particles<\/strong><\/a><\/p>\n<p>Alice Dufour, Marc Legendre, Camille Tonnin, Saddam Charaabi, Marc Le Borgne, Anne-Marie Pens\u00e9-Lh\u00e9ritier and Samar Issa<br \/>\nEBInnov, Ecole de Biologie Industrielle, EBI-Cergy, France.<br \/>\nUniversit\u00e9 de Lyon, Universit\u00e9 Lyon 1, Facult\u00e9 de Pharmacie \u2013 ISPB, EA 4446 Bioactive Molecules and Medicinal Chemistry.<\/p>\n","protected":false},"excerpt":{"rendered":"<p>A design method to integrate stimuli-responsive materials Marie Darrouzet, Am\u00e9ziane Aoussat Arts et Metiers ParisTech, LCPI (France) Text input tools\u2019 complementarity in immersive virtual environments Aur\u00e9lien Agn\u00e8s, Sylvain Fleury, Aristide Auzerais, Isaline Bisson, Eva Dulau, St\u00e9phanie Buisine, Simon Richir Institut Laval Arts et M\u00e9tiers-Laval Virtual Center CESI LINEACT A new method and tool to enhance &#8230; <a class=\"read-more\" href=\"https:\/\/ijodir.com\/index.php\/la-revue\/volume-7-n22019\/\">Lire la suite<\/a><\/p>\n","protected":false},"author":1,"featured_media":0,"parent":11,"menu_order":0,"comment_status":"closed","ping_status":"closed","template":"","meta":[],"_links":{"self":[{"href":"https:\/\/ijodir.com\/index.php\/wp-json\/wp\/v2\/pages\/225"}],"collection":[{"href":"https:\/\/ijodir.com\/index.php\/wp-json\/wp\/v2\/pages"}],"about":[{"href":"https:\/\/ijodir.com\/index.php\/wp-json\/wp\/v2\/types\/page"}],"author":[{"embeddable":true,"href":"https:\/\/ijodir.com\/index.php\/wp-json\/wp\/v2\/users\/1"}],"replies":[{"embeddable":true,"href":"https:\/\/ijodir.com\/index.php\/wp-json\/wp\/v2\/comments?post=225"}],"version-history":[{"count":5,"href":"https:\/\/ijodir.com\/index.php\/wp-json\/wp\/v2\/pages\/225\/revisions"}],"predecessor-version":[{"id":259,"href":"https:\/\/ijodir.com\/index.php\/wp-json\/wp\/v2\/pages\/225\/revisions\/259"}],"up":[{"embeddable":true,"href":"https:\/\/ijodir.com\/index.php\/wp-json\/wp\/v2\/pages\/11"}],"wp:attachment":[{"href":"https:\/\/ijodir.com\/index.php\/wp-json\/wp\/v2\/media?parent=225"}],"curies":[{"name":"wp","href":"https:\/\/api.w.org\/{rel}","templated":true}]}}