{"id":217,"date":"2024-06-28T15:31:24","date_gmt":"2024-06-28T14:31:24","guid":{"rendered":"http:\/\/ijodir.com\/?page_id=217"},"modified":"2024-06-28T15:31:24","modified_gmt":"2024-06-28T14:31:24","slug":"v8_22024_3","status":"publish","type":"page","link":"https:\/\/ijodir.com\/index.php\/la-revue\/volume-8-n22024\/v8_22024_3\/","title":{"rendered":"V8_2\/2024_3"},"content":{"rendered":"<p><strong>State of the art of the cognitive process of designer\u2019s thinking<\/strong><\/p>\n<p>Talec Emma<sup>1\/2<\/sup>, Seignard Dominique\u00b2, Mantelet Fabrice<sup>1<\/sup>, Segonds Fr\u00e9d\u00e9ric<sup>1<\/sup><\/p>\n<p><sup>1<\/sup> Arts et Metiers Institute of Technology, LCPI, HESAM Universit\u00e9, F-75013 Paris, France<\/p>\n<p><sup>2<\/sup> Saint-Gobain Research Compi\u00e8gne, R&amp;D Center, 60150 Thourotte, France<\/p>\n<p>Abstract: <em>The aim of this research is to analyze and attempt to identify the presence of a designer&rsquo;s thinking process. To do this, we will provide a summary of the design thinking methodology and an analysis of the concept of user experience (UX). We will present a few definitions of \u00ab\u00a0designer&rsquo;s thinking\u00a0\u00bb. We will then analyze the role of the designer in a multidisciplinary project context. Through interviews with design practitioners and non-design practitioners, we will attempt to identify a potential common process and the place of the Design Thinking methodology within it. Can Design Thinking be considered as a schematization of the cognitive process shared by designers? What elements influence the conception of a cognitive design thinking process? How does the designer fit into a wider multidisciplinary project environment?<\/em><\/p>\n<p>Keywords: <em>Design process, design thinking, collaboration, flexibility.<\/em><\/p>\n","protected":false},"excerpt":{"rendered":"<p>State of the art of the cognitive process of designer\u2019s thinking Talec Emma1\/2, Seignard Dominique\u00b2, Mantelet Fabrice1, Segonds Fr\u00e9d\u00e9ric1 1 Arts et Metiers Institute of Technology, LCPI, HESAM Universit\u00e9, F-75013 Paris, France 2 Saint-Gobain Research Compi\u00e8gne, R&amp;D Center, 60150 Thourotte, France Abstract: The aim of this research is to analyze and attempt to identify the &#8230; <a class=\"read-more\" href=\"https:\/\/ijodir.com\/index.php\/la-revue\/volume-8-n22024\/v8_22024_3\/\">Lire la suite<\/a><\/p>\n","protected":false},"author":1,"featured_media":0,"parent":207,"menu_order":0,"comment_status":"closed","ping_status":"closed","template":"","meta":[],"_links":{"self":[{"href":"https:\/\/ijodir.com\/index.php\/wp-json\/wp\/v2\/pages\/217"}],"collection":[{"href":"https:\/\/ijodir.com\/index.php\/wp-json\/wp\/v2\/pages"}],"about":[{"href":"https:\/\/ijodir.com\/index.php\/wp-json\/wp\/v2\/types\/page"}],"author":[{"embeddable":true,"href":"https:\/\/ijodir.com\/index.php\/wp-json\/wp\/v2\/users\/1"}],"replies":[{"embeddable":true,"href":"https:\/\/ijodir.com\/index.php\/wp-json\/wp\/v2\/comments?post=217"}],"version-history":[{"count":1,"href":"https:\/\/ijodir.com\/index.php\/wp-json\/wp\/v2\/pages\/217\/revisions"}],"predecessor-version":[{"id":218,"href":"https:\/\/ijodir.com\/index.php\/wp-json\/wp\/v2\/pages\/217\/revisions\/218"}],"up":[{"embeddable":true,"href":"https:\/\/ijodir.com\/index.php\/wp-json\/wp\/v2\/pages\/207"}],"wp:attachment":[{"href":"https:\/\/ijodir.com\/index.php\/wp-json\/wp\/v2\/media?parent=217"}],"curies":[{"name":"wp","href":"https:\/\/api.w.org\/{rel}","templated":true}]}}