{"id":170,"date":"2023-07-03T09:12:55","date_gmt":"2023-07-03T08:12:55","guid":{"rendered":"http:\/\/ijodir.com\/?page_id=170"},"modified":"2023-07-03T09:18:00","modified_gmt":"2023-07-03T08:18:00","slug":"v8_12023_3","status":"publish","type":"page","link":"https:\/\/ijodir.com\/index.php\/la-revue\/volume-8-n12023\/v8_12023_3\/","title":{"rendered":"V8_1\/2023_3"},"content":{"rendered":"<p><strong>Design of a Personalised skincare experience with a minimalist cream<\/strong><\/p>\n<p>C\u00e9cilia Antunes<sup>1<\/sup>, Romane Chung-To<sup>1<\/sup>, Estelle Bonnet1, Margot Brichet<sup>1<\/sup>, Aur\u00e9lie Roc<sup>1<\/sup>, Yana\u00eblle Agastin<sup>1<\/sup>, Anne-Marie Pens\u00e9 Lh\u00e9ritier<sup>1<\/sup><\/p>\n<p><sup>1<\/sup>Ecole de Biologie Industrielle, EBInnov,<\/p>\n<p>49 avenue des Genottes,<\/p>\n<p>95895 Cergy-Pontoise, France<\/p>\n<p><a href=\"mailto:c.antunes@hubebi.com\">c.antunes@hubebi.com<\/a> <a href=\"mailto:r.chungto@hubebi.com\">r.chungto@hubebi.com<\/a> <a href=\"mailto:e.bonnet@hubebi.com\">e.bonnet@hubebi.com<\/a> <a href=\"mailto:m.bricher@hubebi.com\">m.bricher@hubebi.com<\/a> <a href=\"mailto:a.roc@hubebi.com\">a.roc@hubebi.com<\/a> <a href=\"mailto:y.agastin@hubebi.com\">y.agastin@hubebi.com<\/a> <a href=\"mailto:annemarielheritier@frmgalesens.fr\">annemarielheritier@frmgalesens.fr<\/a><\/p>\n<p>Keywords\u00a0: conception, minimalism, personnalised, packaging, innovation<\/p>\n","protected":false},"excerpt":{"rendered":"<p>Design of a Personalised skincare experience with a minimalist cream C\u00e9cilia Antunes1, Romane Chung-To1, Estelle Bonnet1, Margot Brichet1, Aur\u00e9lie Roc1, Yana\u00eblle Agastin1, Anne-Marie Pens\u00e9 Lh\u00e9ritier1 1Ecole de Biologie Industrielle, EBInnov, 49 avenue des Genottes, 95895 Cergy-Pontoise, France c.antunes@hubebi.com r.chungto@hubebi.com e.bonnet@hubebi.com m.bricher@hubebi.com a.roc@hubebi.com y.agastin@hubebi.com annemarielheritier@frmgalesens.fr Keywords\u00a0: conception, minimalism, personnalised, packaging, innovation<\/p>\n","protected":false},"author":1,"featured_media":0,"parent":157,"menu_order":3,"comment_status":"closed","ping_status":"closed","template":"","meta":[],"_links":{"self":[{"href":"https:\/\/ijodir.com\/index.php\/wp-json\/wp\/v2\/pages\/170"}],"collection":[{"href":"https:\/\/ijodir.com\/index.php\/wp-json\/wp\/v2\/pages"}],"about":[{"href":"https:\/\/ijodir.com\/index.php\/wp-json\/wp\/v2\/types\/page"}],"author":[{"embeddable":true,"href":"https:\/\/ijodir.com\/index.php\/wp-json\/wp\/v2\/users\/1"}],"replies":[{"embeddable":true,"href":"https:\/\/ijodir.com\/index.php\/wp-json\/wp\/v2\/comments?post=170"}],"version-history":[{"count":2,"href":"https:\/\/ijodir.com\/index.php\/wp-json\/wp\/v2\/pages\/170\/revisions"}],"predecessor-version":[{"id":178,"href":"https:\/\/ijodir.com\/index.php\/wp-json\/wp\/v2\/pages\/170\/revisions\/178"}],"up":[{"embeddable":true,"href":"https:\/\/ijodir.com\/index.php\/wp-json\/wp\/v2\/pages\/157"}],"wp:attachment":[{"href":"https:\/\/ijodir.com\/index.php\/wp-json\/wp\/v2\/media?parent=170"}],"curies":[{"name":"wp","href":"https:\/\/api.w.org\/{rel}","templated":true}]}}