{"id":16,"date":"2016-05-11T20:01:14","date_gmt":"2016-05-11T19:01:14","guid":{"rendered":"http:\/\/ijodir.com\/?page_id=16"},"modified":"2016-05-11T20:01:14","modified_gmt":"2016-05-11T19:01:14","slug":"les-sujets","status":"publish","type":"page","link":"https:\/\/ijodir.com\/index.php\/les-sujets\/","title":{"rendered":"Les sujets"},"content":{"rendered":"<p>Le message de l\u2019objet, de la s\u00e9mantique, intervient pour une grande part dans l\u2019acceptation du produit par les utilisateurs.<\/p>\n<p>Comment cerner ces facteurs selon diff\u00e9rentes cultures et march\u00e9s ?<\/p>\n<p>Qu\u2019entend-on par valeur d\u2019usage, micropsychologie, garantie totale ?<\/p>\n<p>Comment les mat\u00e9riaux nouveaux influent sur les concepteurs et inversement ?<\/p>\n<p>Quel est l\u2019apport du d\u00e9veloppement de la CAO ?<\/p>\n<p>Concevoir un produit, c\u2019est aussi aujourd\u2019hui en pr\u00e9voir la r\u00e9cup\u00e9ration ou le recyclage \u2026<\/p>\n<p>Qu\u2019est ce la g\u00e9n\u00e9tique de l\u2019objet industriel?<\/p>\n<p>Quelle est la part de l\u2019ergonomie dans le design ?<\/p>\n<p>Comment prendre en compte l\u2019usager-utilisateur ?<\/p>\n<p>Quelles interfaces hommes\/machines, hommes\/produits choisir ?<\/p>\n<p>Que recouvre le terme de design management ?<\/p>\n<p>Autant de questions qui sont et seront r\u00e9guli\u00e8rement trait\u00e9es dans IJODIR.<\/p>\n","protected":false},"excerpt":{"rendered":"<p>Le message de l\u2019objet, de la s\u00e9mantique, intervient pour une grande part dans l\u2019acceptation du produit par les utilisateurs. Comment cerner ces facteurs selon diff\u00e9rentes cultures et march\u00e9s ? Qu\u2019entend-on par valeur d\u2019usage, micropsychologie, garantie totale ? Comment les mat\u00e9riaux nouveaux influent sur les concepteurs et inversement ? Quel est l\u2019apport du d\u00e9veloppement de la &#8230; <a class=\"read-more\" href=\"https:\/\/ijodir.com\/index.php\/les-sujets\/\">Lire la suite<\/a><\/p>\n","protected":false},"author":1,"featured_media":0,"parent":0,"menu_order":0,"comment_status":"closed","ping_status":"closed","template":"","meta":[],"_links":{"self":[{"href":"https:\/\/ijodir.com\/index.php\/wp-json\/wp\/v2\/pages\/16"}],"collection":[{"href":"https:\/\/ijodir.com\/index.php\/wp-json\/wp\/v2\/pages"}],"about":[{"href":"https:\/\/ijodir.com\/index.php\/wp-json\/wp\/v2\/types\/page"}],"author":[{"embeddable":true,"href":"https:\/\/ijodir.com\/index.php\/wp-json\/wp\/v2\/users\/1"}],"replies":[{"embeddable":true,"href":"https:\/\/ijodir.com\/index.php\/wp-json\/wp\/v2\/comments?post=16"}],"version-history":[{"count":1,"href":"https:\/\/ijodir.com\/index.php\/wp-json\/wp\/v2\/pages\/16\/revisions"}],"predecessor-version":[{"id":17,"href":"https:\/\/ijodir.com\/index.php\/wp-json\/wp\/v2\/pages\/16\/revisions\/17"}],"wp:attachment":[{"href":"https:\/\/ijodir.com\/index.php\/wp-json\/wp\/v2\/media?parent=16"}],"curies":[{"name":"wp","href":"https:\/\/api.w.org\/{rel}","templated":true}]}}