{"id":157,"date":"2023-07-03T08:58:12","date_gmt":"2023-07-03T07:58:12","guid":{"rendered":"http:\/\/ijodir.com\/?page_id=157"},"modified":"2023-07-03T09:14:22","modified_gmt":"2023-07-03T08:14:22","slug":"volume-8-n12023","status":"publish","type":"page","link":"https:\/\/ijodir.com\/index.php\/la-revue\/volume-8-n12023\/","title":{"rendered":"Volume 8 N\u00b01\/2023"},"content":{"rendered":"<p><strong>CONTENTS<\/strong><\/p>\n<p><strong>09\u00a0\u00a0\u00a0\u00a0\u00a0 <a href=\"http:\/\/ijodir.com\/index.php\/la-revue\/volume-8-n12023\/v8_12023_1\/\">The influence of the participants\u2019 feelings during the workshops on the sustainable improvement of the ways of working<\/a><\/strong><\/p>\n<p>Marine Catel <sup>1<\/sup>, Fabrice Mantelet <sup>2<\/sup>, Fr\u00e9d\u00e9ric Segonds <sup>3<\/sup>, Am\u00e9ziane Aoussat <sup>4<\/sup>, Pamela Caillens <sup>5<\/sup><\/p>\n<p><sup>1, 2, 3, 4<\/sup> Laboratoire de Conception de Produits et Innovation (LCPI) \u2013 EA 3927 Arts et M\u00e9tiers Institute of Technology, HESAM Universit\u00e9<\/p>\n<p><sup>5<\/sup> Cartier International<\/p>\n<p><strong>21\u00a0\u00a0\u00a0\u00a0\u00a0 <a href=\"http:\/\/ijodir.com\/index.php\/la-revue\/volume-8-n12023\/v8_12023_2\/\">Eco-design maturity model: Proposal to foster Eco-design integration in Drug development<\/a><\/strong><\/p>\n<p>Simon Massot<sup>1,2<\/sup>, Duc-Nam Luu<sup>1,2<\/sup>, Nicolas Maranzana<sup>1<\/sup>, Am\u00e9ziane Aoussat<sup>1<\/sup><\/p>\n<p><sup>1, 2, 3, 4<\/sup> Laboratoire de Conception de Produits et Innovation (LCPI) \u2013 EA 3927 Arts et M\u00e9tiers Institute of Technology, HESAM Universit\u00e9<\/p>\n<p><sup>2<\/sup> Sanofi<\/p>\n<p><strong>39\u00a0\u00a0\u00a0\u00a0\u00a0 <\/strong><a href=\"http:\/\/ijodir.com\/index.php\/la-revue\/volume-8-n12023\/v8_12023_3\/\"><strong>Design of a personalised skincare experience with a minimalist cream<\/strong><\/a><\/p>\n<p>C\u00e9cilia Antunes<sup>1<\/sup>, Romane Chung-To<sup>1<\/sup>, Estelle Bonnet<sup>1<\/sup>, Margot Brichet<sup>1<\/sup>, Aur\u00e9lie Roc<sup>1<\/sup>, Yana\u00eblle Agastin<sup>1<\/sup>, Anne-Marie Pens\u00e9 Lh\u00e9ritier<sup>1<\/sup><\/p>\n<p><sup>1<\/sup>Ecole de Biologie Industrielle, EBInnov<\/p>\n<p><strong>52\u00a0\u00a0\u00a0\u00a0\u00a0 <a href=\"http:\/\/ijodir.com\/index.php\/la-revue\/volume-8-n12023\/v8_12023_4\/\">How to improve the packaging of vacuum cleaner accessories to enhance consumer comprehension: an eye tracking study<\/a><\/strong><\/p>\n<p>F\u00e9lix Koegler <sup>1,3<\/sup>, Sylvain Sagot<sup>2<\/sup>, Ad\u00e9la\u00efde Canal<sup>3<\/sup><\/p>\n<p>1 ESTA Belfort, School of Business and Engineering<\/p>\n<p>2 ESTA Belfort, School of Business and Engineering, ERCOS Research Group, ELLIADD Laboratory (E.A. 4661), UBFC,<\/p>\n<p>3 Groupe SEB, SEB International Service,<\/p>\n","protected":false},"excerpt":{"rendered":"<p>CONTENTS 09\u00a0\u00a0\u00a0\u00a0\u00a0 The influence of the participants\u2019 feelings during the workshops on the sustainable improvement of the ways of working Marine Catel 1, Fabrice Mantelet 2, Fr\u00e9d\u00e9ric Segonds 3, Am\u00e9ziane Aoussat 4, Pamela Caillens 5 1, 2, 3, 4 Laboratoire de Conception de Produits et Innovation (LCPI) \u2013 EA 3927 Arts et M\u00e9tiers Institute of &#8230; <a class=\"read-more\" href=\"https:\/\/ijodir.com\/index.php\/la-revue\/volume-8-n12023\/\">Lire la suite<\/a><\/p>\n","protected":false},"author":1,"featured_media":0,"parent":11,"menu_order":2,"comment_status":"closed","ping_status":"closed","template":"","meta":[],"_links":{"self":[{"href":"https:\/\/ijodir.com\/index.php\/wp-json\/wp\/v2\/pages\/157"}],"collection":[{"href":"https:\/\/ijodir.com\/index.php\/wp-json\/wp\/v2\/pages"}],"about":[{"href":"https:\/\/ijodir.com\/index.php\/wp-json\/wp\/v2\/types\/page"}],"author":[{"embeddable":true,"href":"https:\/\/ijodir.com\/index.php\/wp-json\/wp\/v2\/users\/1"}],"replies":[{"embeddable":true,"href":"https:\/\/ijodir.com\/index.php\/wp-json\/wp\/v2\/comments?post=157"}],"version-history":[{"count":8,"href":"https:\/\/ijodir.com\/index.php\/wp-json\/wp\/v2\/pages\/157\/revisions"}],"predecessor-version":[{"id":176,"href":"https:\/\/ijodir.com\/index.php\/wp-json\/wp\/v2\/pages\/157\/revisions\/176"}],"up":[{"embeddable":true,"href":"https:\/\/ijodir.com\/index.php\/wp-json\/wp\/v2\/pages\/11"}],"wp:attachment":[{"href":"https:\/\/ijodir.com\/index.php\/wp-json\/wp\/v2\/media?parent=157"}],"curies":[{"name":"wp","href":"https:\/\/api.w.org\/{rel}","templated":true}]}}