{"id":11,"date":"2016-05-11T19:46:17","date_gmt":"2016-05-11T18:46:17","guid":{"rendered":"http:\/\/ijodir.com\/?page_id=11"},"modified":"2016-05-11T19:54:21","modified_gmt":"2016-05-11T18:54:21","slug":"la-revue","status":"publish","type":"page","link":"https:\/\/ijodir.com\/index.php\/la-revue\/","title":{"rendered":"La revue"},"content":{"rendered":"<p>La revue IJODIR publie des articles scientifiques ou faisant \u00e9tat de recherches appliqu\u00e9es. Les meilleurs sp\u00e9cialistes des diff\u00e9rents domaines s\u2019expriment sur des th\u00e8mes vari\u00e9s depuis l\u2019id\u00e9e du produit jusqu\u2019\u00e0 son d\u00e9veloppement et son utilisation. IJODIR r\u00e9pond \u00e0 votre probl\u00e9matique et vous permet d\u2019\u00eatre au courant des nouvelles approches.<\/p>\n","protected":false},"excerpt":{"rendered":"<p>La revue IJODIR publie des articles scientifiques ou faisant \u00e9tat de recherches appliqu\u00e9es. Les meilleurs sp\u00e9cialistes des diff\u00e9rents domaines s\u2019expriment sur des th\u00e8mes vari\u00e9s depuis l\u2019id\u00e9e du produit jusqu\u2019\u00e0 son d\u00e9veloppement et son utilisation. IJODIR r\u00e9pond \u00e0 votre probl\u00e9matique et vous permet d\u2019\u00eatre au courant des nouvelles approches.<\/p>\n","protected":false},"author":1,"featured_media":0,"parent":0,"menu_order":0,"comment_status":"closed","ping_status":"closed","template":"","meta":[],"_links":{"self":[{"href":"https:\/\/ijodir.com\/index.php\/wp-json\/wp\/v2\/pages\/11"}],"collection":[{"href":"https:\/\/ijodir.com\/index.php\/wp-json\/wp\/v2\/pages"}],"about":[{"href":"https:\/\/ijodir.com\/index.php\/wp-json\/wp\/v2\/types\/page"}],"author":[{"embeddable":true,"href":"https:\/\/ijodir.com\/index.php\/wp-json\/wp\/v2\/users\/1"}],"replies":[{"embeddable":true,"href":"https:\/\/ijodir.com\/index.php\/wp-json\/wp\/v2\/comments?post=11"}],"version-history":[{"count":2,"href":"https:\/\/ijodir.com\/index.php\/wp-json\/wp\/v2\/pages\/11\/revisions"}],"predecessor-version":[{"id":15,"href":"https:\/\/ijodir.com\/index.php\/wp-json\/wp\/v2\/pages\/11\/revisions\/15"}],"wp:attachment":[{"href":"https:\/\/ijodir.com\/index.php\/wp-json\/wp\/v2\/media?parent=11"}],"curies":[{"name":"wp","href":"https:\/\/api.w.org\/{rel}","templated":true}]}}